{"id":2679,"date":"2022-08-08T17:54:23","date_gmt":"2022-08-08T17:54:23","guid":{"rendered":"https:\/\/youthcontinuum.org\/lakay\/"},"modified":"2025-07-22T16:14:38","modified_gmt":"2025-07-22T16:14:38","slug":"lakay","status":"publish","type":"page","link":"https:\/\/youthcontinuum.org\/hc\/","title":{"rendered":"Lakay"},"content":{"rendered":"","protected":false},"excerpt":{"rendered":"","protected":false},"author":1,"featured_media":3019,"parent":0,"menu_order":0,"comment_status":"closed","ping_status":"closed","template":"custom-pages.php","meta":{"_acf_changed":false,"footnotes":""},"class_list":["post-2679","page","type-page","status-publish","has-post-thumbnail","hentry"],"acf":[],"yoast_head":"<!-- This site is optimized with the Yoast SEO plugin v23.0 - https:\/\/yoast.com\/wordpress\/plugins\/seo\/ -->\n<title>Youth Continuum | Prevansyon ak Swen J\u00e8n Sanzabri<\/title>\n<meta name=\"description\" content=\"Prevansyon ak adrese j\u00e8n sanzabri nan New Haven, CT. Youth Continuum ofri bezwen debaz yo, lojman, devlopman konpetans ak plis ank\u00f2 pou j\u00e8n yo jiska laj 24 an.\" \/>\n<meta name=\"robots\" content=\"index, follow, max-snippet:-1, max-image-preview:large, max-video-preview:-1\" \/>\n<link rel=\"canonical\" href=\"https:\/\/youthcontinuum.org\/hc\/\" \/>\n<meta property=\"og:locale\" content=\"fr_FR\" \/>\n<meta property=\"og:type\" content=\"article\" \/>\n<meta property=\"og:title\" content=\"Youth Continuum | Prevansyon ak Swen J\u00e8n Sanzabri\" \/>\n<meta property=\"og:description\" content=\"Prevansyon ak adrese j\u00e8n sanzabri nan New Haven, CT. Youth Continuum ofri bezwen debaz yo, lojman, devlopman konpetans ak plis ank\u00f2 pou j\u00e8n yo jiska laj 24 an.\" \/>\n<meta property=\"og:url\" content=\"https:\/\/youthcontinuum.org\/hc\/\" \/>\n<meta property=\"og:site_name\" content=\"Youth Continuum\" \/>\n<meta property=\"article:modified_time\" content=\"2025-07-22T16:14:38+00:00\" \/>\n<meta property=\"og:image\" content=\"https:\/\/youthcontinuum.org\/wp-content\/uploads\/sites\/5\/2022\/05\/1-1.png\" \/>\n\t<meta property=\"og:image:width\" content=\"160\" \/>\n\t<meta property=\"og:image:height\" content=\"160\" \/>\n\t<meta property=\"og:image:type\" content=\"image\/png\" \/>\n<meta name=\"twitter:card\" content=\"summary_large_image\" \/>\n<script type=\"application\/ld+json\" class=\"yoast-schema-graph\">{\"@context\":\"https:\/\/schema.org\",\"@graph\":[{\"@type\":\"WebPage\",\"@id\":\"https:\/\/youthcontinuum.org\/hc\/\",\"url\":\"https:\/\/youthcontinuum.org\/hc\/\",\"name\":\"Youth Continuum | Prevansyon ak Swen J\u00e8n Sanzabri\",\"isPartOf\":{\"@id\":\"https:\/\/youthcontinuum.org\/hc\/#website\"},\"primaryImageOfPage\":{\"@id\":\"https:\/\/youthcontinuum.org\/hc\/#primaryimage\"},\"image\":{\"@id\":\"https:\/\/youthcontinuum.org\/hc\/#primaryimage\"},\"thumbnailUrl\":\"https:\/\/youthcontinuum.org\/wp-content\/uploads\/sites\/5\/2022\/05\/1-1.png\",\"datePublished\":\"2022-08-08T17:54:23+00:00\",\"dateModified\":\"2025-07-22T16:14:38+00:00\",\"description\":\"Prevansyon ak adrese j\u00e8n sanzabri nan New Haven, CT. Youth Continuum ofri bezwen debaz yo, lojman, devlopman konpetans ak plis ank\u00f2 pou j\u00e8n yo jiska laj 24 an.\",\"breadcrumb\":{\"@id\":\"https:\/\/youthcontinuum.org\/hc\/#breadcrumb\"},\"inLanguage\":\"fr-HC\",\"potentialAction\":[{\"@type\":\"ReadAction\",\"target\":[\"https:\/\/youthcontinuum.org\/hc\/\"]}]},{\"@type\":\"ImageObject\",\"inLanguage\":\"fr-HC\",\"@id\":\"https:\/\/youthcontinuum.org\/hc\/#primaryimage\",\"url\":\"https:\/\/youthcontinuum.org\/wp-content\/uploads\/sites\/5\/2022\/05\/1-1.png\",\"contentUrl\":\"https:\/\/youthcontinuum.org\/wp-content\/uploads\/sites\/5\/2022\/05\/1-1.png\",\"width\":160,\"height\":160},{\"@type\":\"BreadcrumbList\",\"@id\":\"https:\/\/youthcontinuum.org\/hc\/#breadcrumb\",\"itemListElement\":[{\"@type\":\"ListItem\",\"position\":1,\"name\":\"Home\",\"item\":\"https:\/\/youthcontinuum.org\/hc\/lakay\/\"},{\"@type\":\"ListItem\",\"position\":2,\"name\":\"Lakay\"}]},{\"@type\":\"WebSite\",\"@id\":\"https:\/\/youthcontinuum.org\/hc\/#website\",\"url\":\"https:\/\/youthcontinuum.org\/hc\/\",\"name\":\"Youth Continuum\",\"description\":\"A Clifford Beers Community Health Partner\",\"publisher\":{\"@id\":\"https:\/\/youthcontinuum.org\/hc\/#organization\"},\"potentialAction\":[{\"@type\":\"SearchAction\",\"target\":{\"@type\":\"EntryPoint\",\"urlTemplate\":\"https:\/\/youthcontinuum.org\/hc\/?s={search_term_string}\"},\"query-input\":\"required name=search_term_string\"}],\"inLanguage\":\"fr-HC\"},{\"@type\":\"Organization\",\"@id\":\"https:\/\/youthcontinuum.org\/hc\/#organization\",\"name\":\"Youth Continuum\",\"url\":\"https:\/\/youthcontinuum.org\/hc\/\",\"logo\":{\"@type\":\"ImageObject\",\"inLanguage\":\"fr-HC\",\"@id\":\"https:\/\/youthcontinuum.org\/hc\/#\/schema\/logo\/image\/\",\"url\":\"https:\/\/youthcontinuum.org\/wp-content\/uploads\/sites\/5\/2023\/08\/cropped-YC_LogoHorizontal.png\",\"contentUrl\":\"https:\/\/youthcontinuum.org\/wp-content\/uploads\/sites\/5\/2023\/08\/cropped-YC_LogoHorizontal.png\",\"width\":916,\"height\":262,\"caption\":\"Youth Continuum\"},\"image\":{\"@id\":\"https:\/\/youthcontinuum.org\/hc\/#\/schema\/logo\/image\/\"}}]}<\/script>\n<!-- \/ Yoast SEO plugin. -->","yoast_head_json":{"title":"Youth Continuum | Prevansyon ak Swen J\u00e8n Sanzabri","description":"Prevansyon ak adrese j\u00e8n sanzabri nan New Haven, CT. Youth Continuum ofri bezwen debaz yo, lojman, devlopman konpetans ak plis ank\u00f2 pou j\u00e8n yo jiska laj 24 an.","robots":{"index":"index","follow":"follow","max-snippet":"max-snippet:-1","max-image-preview":"max-image-preview:large","max-video-preview":"max-video-preview:-1"},"canonical":"https:\/\/youthcontinuum.org\/hc\/","og_locale":"fr_FR","og_type":"article","og_title":"Youth Continuum | Prevansyon ak Swen J\u00e8n Sanzabri","og_description":"Prevansyon ak adrese j\u00e8n sanzabri nan New Haven, CT. Youth Continuum ofri bezwen debaz yo, lojman, devlopman konpetans ak plis ank\u00f2 pou j\u00e8n yo jiska laj 24 an.","og_url":"https:\/\/youthcontinuum.org\/hc\/","og_site_name":"Youth Continuum","article_modified_time":"2025-07-22T16:14:38+00:00","og_image":[{"width":160,"height":160,"url":"https:\/\/youthcontinuum.org\/wp-content\/uploads\/sites\/5\/2022\/05\/1-1.png","type":"image\/png"}],"twitter_card":"summary_large_image","schema":{"@context":"https:\/\/schema.org","@graph":[{"@type":"WebPage","@id":"https:\/\/youthcontinuum.org\/hc\/","url":"https:\/\/youthcontinuum.org\/hc\/","name":"Youth Continuum | Prevansyon ak Swen J\u00e8n Sanzabri","isPartOf":{"@id":"https:\/\/youthcontinuum.org\/hc\/#website"},"primaryImageOfPage":{"@id":"https:\/\/youthcontinuum.org\/hc\/#primaryimage"},"image":{"@id":"https:\/\/youthcontinuum.org\/hc\/#primaryimage"},"thumbnailUrl":"https:\/\/youthcontinuum.org\/wp-content\/uploads\/sites\/5\/2022\/05\/1-1.png","datePublished":"2022-08-08T17:54:23+00:00","dateModified":"2025-07-22T16:14:38+00:00","description":"Prevansyon ak adrese j\u00e8n sanzabri nan New Haven, CT. Youth Continuum ofri bezwen debaz yo, lojman, devlopman konpetans ak plis ank\u00f2 pou j\u00e8n yo jiska laj 24 an.","breadcrumb":{"@id":"https:\/\/youthcontinuum.org\/hc\/#breadcrumb"},"inLanguage":"fr-HC","potentialAction":[{"@type":"ReadAction","target":["https:\/\/youthcontinuum.org\/hc\/"]}]},{"@type":"ImageObject","inLanguage":"fr-HC","@id":"https:\/\/youthcontinuum.org\/hc\/#primaryimage","url":"https:\/\/youthcontinuum.org\/wp-content\/uploads\/sites\/5\/2022\/05\/1-1.png","contentUrl":"https:\/\/youthcontinuum.org\/wp-content\/uploads\/sites\/5\/2022\/05\/1-1.png","width":160,"height":160},{"@type":"BreadcrumbList","@id":"https:\/\/youthcontinuum.org\/hc\/#breadcrumb","itemListElement":[{"@type":"ListItem","position":1,"name":"Home","item":"https:\/\/youthcontinuum.org\/hc\/lakay\/"},{"@type":"ListItem","position":2,"name":"Lakay"}]},{"@type":"WebSite","@id":"https:\/\/youthcontinuum.org\/hc\/#website","url":"https:\/\/youthcontinuum.org\/hc\/","name":"Youth Continuum","description":"A Clifford Beers Community Health Partner","publisher":{"@id":"https:\/\/youthcontinuum.org\/hc\/#organization"},"potentialAction":[{"@type":"SearchAction","target":{"@type":"EntryPoint","urlTemplate":"https:\/\/youthcontinuum.org\/hc\/?s={search_term_string}"},"query-input":"required name=search_term_string"}],"inLanguage":"fr-HC"},{"@type":"Organization","@id":"https:\/\/youthcontinuum.org\/hc\/#organization","name":"Youth Continuum","url":"https:\/\/youthcontinuum.org\/hc\/","logo":{"@type":"ImageObject","inLanguage":"fr-HC","@id":"https:\/\/youthcontinuum.org\/hc\/#\/schema\/logo\/image\/","url":"https:\/\/youthcontinuum.org\/wp-content\/uploads\/sites\/5\/2023\/08\/cropped-YC_LogoHorizontal.png","contentUrl":"https:\/\/youthcontinuum.org\/wp-content\/uploads\/sites\/5\/2023\/08\/cropped-YC_LogoHorizontal.png","width":916,"height":262,"caption":"Youth Continuum"},"image":{"@id":"https:\/\/youthcontinuum.org\/hc\/#\/schema\/logo\/image\/"}}]}},"_links":{"self":[{"href":"https:\/\/youthcontinuum.org\/hc\/wp-json\/wp\/v2\/pages\/2679","targetHints":{"allow":["GET"]}}],"collection":[{"href":"https:\/\/youthcontinuum.org\/hc\/wp-json\/wp\/v2\/pages"}],"about":[{"href":"https:\/\/youthcontinuum.org\/hc\/wp-json\/wp\/v2\/types\/page"}],"author":[{"embeddable":true,"href":"https:\/\/youthcontinuum.org\/hc\/wp-json\/wp\/v2\/users\/1"}],"replies":[{"embeddable":true,"href":"https:\/\/youthcontinuum.org\/hc\/wp-json\/wp\/v2\/comments?post=2679"}],"version-history":[{"count":0,"href":"https:\/\/youthcontinuum.org\/hc\/wp-json\/wp\/v2\/pages\/2679\/revisions"}],"wp:featuredmedia":[{"embeddable":true,"href":"https:\/\/youthcontinuum.org\/hc\/wp-json\/wp\/v2\/media\/3019"}],"wp:attachment":[{"href":"https:\/\/youthcontinuum.org\/hc\/wp-json\/wp\/v2\/media?parent=2679"}],"curies":[{"name":"wp","href":"https:\/\/api.w.org\/{rel}","templated":true}]}}